{"id":7209,"date":"2021-04-16T13:34:04","date_gmt":"2021-04-16T20:34:04","guid":{"rendered":"https:\/\/napafarmersmarket.org\/?page_id=7209"},"modified":"2023-01-03T13:59:49","modified_gmt":"2023-01-03T21:59:49","slug":"mercado-al-banco-de-alimentos","status":"publish","type":"page","link":"https:\/\/napafarmersmarket.org\/es\/mercado-al-banco-de-alimentos\/","title":{"rendered":"Mercado al Banco de Alimentos"},"content":{"rendered":"<p>[et_pb_section fb_built=\u00bb1&#8243; fullwidth=\u00bbon\u00bb admin_label=\u00bbCall to Action\u00bb _builder_version=\u00bb4.16&#8243; animation_style=\u00bbslide\u00bb animation_direction=\u00bbbottom\u00bb animation_intensity_slide=\u00bb6%\u00bb animation_starting_opacity=\u00bb100%\u00bb locked=\u00bboff\u00bb global_colors_info=\u00bb{}\u00bb][et_pb_fullwidth_header title=\u00bbMercado al Banco de Alimentos\u00bb content_max_width=\u00bb800px\u00bb _builder_version=\u00bb4.16&#8243; title_font_size=\u00bb3vw\u00bb title_line_height=\u00bb1.2em\u00bb content_font=\u00bb||||||||\u00bb content_font_size=\u00bb20px\u00bb content_line_height=\u00bb1.8em\u00bb background_color=\u00bbrgba(255, 255, 255, 0)\u00bb use_background_color_gradient=\u00bbon\u00bb background_color_gradient_direction=\u00bb90deg\u00bb background_color_gradient_stops=\u00bbrgba(0,0,0,0.75) 0%|rgba(0,0,0,0) 100%\u00bb background_color_gradient_overlays_image=\u00bbon\u00bb background_color_gradient_start=\u00bbrgba(0,0,0,0.75)\u00bb background_color_gradient_end=\u00bbrgba(0,0,0,0)\u00bb background_image=\u00bbhttps:\/\/napafarmersmarket.org\/wp-content\/uploads\/2020\/01\/cauliflower-HEADER.jpg\u00bb custom_button_two=\u00bbon\u00bb button_two_text_size=\u00bb18px\u00bb button_two_text_color=\u00bb#353740&#8243; button_two_bg_color=\u00bb#ffffff\u00bb button_two_border_width=\u00bb8px\u00bb button_two_border_color=\u00bb#ffffff\u00bb button_two_border_radius=\u00bb0px\u00bb button_two_letter_spacing=\u00bb1px\u00bb button_two_font=\u00bbLato|700|||||||\u00bb button_two_use_icon=\u00bboff\u00bb custom_margin=\u00bb|||\u00bb custom_padding=\u00bb8%||8%|\u00bb link_option_url_new_window=\u00bbon\u00bb title_font_size_tablet=\u00bb\u00bb title_font_size_phone=\u00bb30px\u00bb title_font_size_last_edited=\u00bbon|phone\u00bb button_one_letter_spacing_hover=\u00bb1px\u00bb button_two_letter_spacing_hover=\u00bb1px\u00bb global_colors_info=\u00bb{}\u00bb button_one_text_size__hover_enabled=\u00bboff\u00bb button_two_text_size__hover_enabled=\u00bboff\u00bb button_one_text_color__hover_enabled=\u00bboff\u00bb button_two_text_color__hover_enabled=\u00bboff\u00bb button_one_border_width__hover_enabled=\u00bboff\u00bb button_two_border_width__hover_enabled=\u00bboff\u00bb button_one_border_color__hover_enabled=\u00bboff\u00bb button_two_border_color__hover_enabled=\u00bboff\u00bb button_one_border_radius__hover_enabled=\u00bboff\u00bb button_two_border_radius__hover_enabled=\u00bboff\u00bb button_one_letter_spacing__hover_enabled=\u00bbon\u00bb button_one_letter_spacing__hover=\u00bb1px\u00bb button_two_letter_spacing__hover_enabled=\u00bbon\u00bb button_two_letter_spacing__hover=\u00bb1px\u00bb button_one_bg_color__hover_enabled=\u00bboff\u00bb button_two_bg_color__hover_enabled=\u00bboff\u00bb][\/et_pb_fullwidth_header][\/et_pb_section][et_pb_section fb_built=\u00bb1&#8243; _builder_version=\u00bb4.16&#8243; custom_padding=\u00bb||3px|||\u00bb global_colors_info=\u00bb{}\u00bb][et_pb_row column_structure=\u00bb1_4,3_4&#8243; _builder_version=\u00bb4.16&#8243; global_colors_info=\u00bb{}\u00bb][et_pb_column type=\u00bb1_4&#8243; _builder_version=\u00bb4.16&#8243; global_colors_info=\u00bb{}\u00bb][et_pb_image src=\u00bbhttps:\/\/napafarmersmarket.org\/wp-content\/uploads\/2020\/02\/Lettuce-213&#215;300.png\u00bb _builder_version=\u00bb4.16&#8243; global_colors_info=\u00bb{}\u00bb][\/et_pb_image][\/et_pb_column][et_pb_column type=\u00bb3_4&#8243; _builder_version=\u00bb4.16&#8243; global_colors_info=\u00bb{}\u00bb][et_pb_text _builder_version=\u00bb4.16&#8243; global_colors_info=\u00bb{}\u00bb]<\/p>\n<h3>\u00a1Fresco para todes!<\/h3>\n<p>Todos los d\u00edas de mercado, voluntaries recolectan donaciones de productos frescos de nuestres agricultores. En el a\u00f1o 2020, se donaron y distribuyeron m\u00e1s de 33,600 libras de frutas y verduras entre el Napa Valley Food Bank, South Napa Shelter y las organizaciones comunitarias locales que brindan asistencia alimentaria.<\/p>\n<h3>\u00a1Involucrarse!<\/h3>\n<p>Puede ayudar comprando productos adicionales y dej\u00e1ndolos en el puesto de entrada del mercado en Pearl y Yajome.<\/p>\n<p>Para obtener informaci\u00f3n sobre el voluntariado los S\u00e1bados (todo el a\u00f1o) y los Martes (de Abril a Diciembre), comun\u00edquese con Napa Valley CanDo.<\/p>\n<p>[\/et_pb_text][\/et_pb_column][\/et_pb_row][\/et_pb_section][et_pb_section fb_built=\u00bb1&#8243; module_id=\u00bbnewsletter\u00bb _builder_version=\u00bb4.19.4&#8243; use_background_color_gradient=\u00bbon\u00bb background_color_gradient_direction=\u00bb72deg\u00bb background_color_gradient_stops=\u00bbrgba(255,255,255,0.81) 59%|rgba(255,255,255,0.1) 100%\u00bb background_color_gradient_overlays_image=\u00bbon\u00bb background_color_gradient_start=\u00bbrgba(20,20,20,0.7)\u00bb background_color_gradient_end=\u00bbrgba(0,0,0,0)\u00bb background_image=\u00bbhttps:\/\/napafarmersmarket.org\/wp-content\/uploads\/2019\/11\/produce-09.jpg\u00bb custom_padding=\u00bb29px|||||\u00bb animation_style=\u00bbslide\u00bb animation_direction=\u00bbbottom\u00bb animation_intensity_slide=\u00bb6%\u00bb animation_starting_opacity=\u00bb100%\u00bb background_color_gradient_stops_tablet=\u00bbrgba(20,20,20,0.7) 0%|rgba(0,0,0,0) 100%\u00bb background_color_gradient_stops_phone=\u00bbrgba(20,20,20,0.7) 0%|rgba(0,0,0,0) 100%\u00bb saved_tabs=\u00bball\u00bb global_colors_info=\u00bb{}\u00bb global_module=\u00bb7604&#8243; theme_builder_area=\u00bbpost_content\u00bb][et_pb_row _builder_version=\u00bb4.16&#8243; global_colors_info=\u00bb{}\u00bb theme_builder_area=\u00bbpost_content\u00bb][et_pb_column type=\u00bb4_4&#8243; _builder_version=\u00bb4.16&#8243; global_colors_info=\u00bb{}\u00bb theme_builder_area=\u00bbpost_content\u00bb][et_pb_text _builder_version=\u00bb4.19.4&#8243; header_text_color=\u00bb#141414&#8243; header_font_size=\u00bb3vw\u00bb header_2_text_color=\u00bb#141414&#8243; custom_margin=\u00bb||-23px|||\u00bb header_font_size_tablet=\u00bb\u00bb header_font_size_phone=\u00bb5vw\u00bb header_font_size_last_edited=\u00bbon|phone\u00bb global_colors_info=\u00bb{}\u00bb theme_builder_area=\u00bbpost_content\u00bb]<\/p>\n<h1>Compre en el Napa Farmers Market<\/h1>\n<h2>S\u00e1bado: Todo el a\u00f1o, llueva o sol<\/h2>\n<h2>Martes : Abril &#8211; Diciembre&gt;<\/h2>\n<h2>Nuevo Horario: 8 am &#8211; 12 pm<\/h2>\n<p>[\/et_pb_text][\/et_pb_column][\/et_pb_row][et_pb_row column_structure=\u00bb1_2,1_2&#8243; _builder_version=\u00bb4.16&#8243; custom_margin=\u00bb-12px|auto||auto||\u00bb global_colors_info=\u00bb{}\u00bb theme_builder_area=\u00bbpost_content\u00bb][et_pb_column type=\u00bb1_2&#8243; _builder_version=\u00bb4.16&#8243; global_colors_info=\u00bb{}\u00bb theme_builder_area=\u00bbpost_content\u00bb][et_pb_signup mailchimp_list=\u00bbf35d570c56&#8243; title=\u00bbSuscr\u00edbete a Nuestre Bolet\u00edn\u00bb button_text=\u00bbInscribirse\u00bb use_spam_service=\u00bbon\u00bb recaptcha_list=\u00bbcaptcha|captcha-0&#8243; _builder_version=\u00bb4.19.4&#8243; header_text_color=\u00bb#FFFFFF\u00bb background_color=\u00bb#0E1235&#8243; custom_button=\u00bbon\u00bb button_text_color=\u00bb#0E1235&#8243; button_bg_color=\u00bb#9FC761&#8243; button_letter_spacing=\u00bb0px\u00bb button_font=\u00bb|700|||||||\u00bb button_use_icon=\u00bboff\u00bb global_colors_info=\u00bb{}\u00bb button_bg_color__hover_enabled=\u00bbon|hover\u00bb button_bg_color__hover=\u00bb#c42190&#8243; button_bg_enable_color__hover=\u00bbon\u00bb button_text_color__hover_enabled=\u00bbon|hover\u00bb button_text_color__hover=\u00bb#FFFFFF\u00bb button_border_color__hover_enabled=\u00bbon|hover\u00bb button_border_color__hover=\u00bb#C42190&#8243; theme_builder_area=\u00bbpost_content\u00bb][\/et_pb_signup][et_pb_button button_url=\u00bbhttps:\/\/napafarmersmarket.org\/donate\/\u00bb url_new_window=\u00bbon\u00bb button_text=\u00bbDone ahora\u00bb _builder_version=\u00bb4.19.4&#8243; global_colors_info=\u00bb{}\u00bb theme_builder_area=\u00bbpost_content\u00bb][\/et_pb_button][\/et_pb_column][et_pb_column type=\u00bb1_2&#8243; _builder_version=\u00bb4.16&#8243; global_colors_info=\u00bb{}\u00bb theme_builder_area=\u00bbpost_content\u00bb][et_pb_code _builder_version=\u00bb4.16&#8243; global_colors_info=\u00bb{}\u00bb theme_builder_area=\u00bbpost_content\u00bb]<iframe loading=\"lazy\" style=\"border: 0;\" tabindex=\"0\" src=\"https:\/\/www.google.com\/maps\/embed?pb=!1m18!1m12!1m3!1d3131.082029842811!2d-122.28732398466708!3d38.3007671796672!2m3!1f0!2f0!3f0!3m2!1i1024!2i768!4f13.1!3m3!1m2!1s0x80850666fc833369%3A0x620ff556f49e8d26!2s1100%20West%20St%2C%20Napa%2C%20CA%2094559!5e0!3m2!1sen!2sus!4v1590865477526!5m2!1sen!2sus\" width=\"600\" height=\"450\" frameborder=\"0\" allowfullscreen=\"allowfullscreen\" aria-hidden=\"false\" data-mce-fragment=\"1\"><\/iframe>[\/et_pb_code][\/et_pb_column][\/et_pb_row][\/et_pb_section]<\/p>\n","protected":false},"excerpt":{"rendered":"<p>\u00a1Fresco para todes! Todos los d\u00edas de mercado, voluntaries recolectan donaciones de productos frescos de nuestres agricultores. En el a\u00f1o 2020, se donaron y distribuyeron m\u00e1s de 33,600 libras de frutas y verduras entre el Napa Valley Food Bank, South Napa Shelter y las organizaciones comunitarias locales que brindan asistencia alimentaria. \u00a1Involucrarse! Puede ayudar comprando [&hellip;]<\/p>\n","protected":false},"author":14,"featured_media":0,"parent":0,"menu_order":0,"comment_status":"closed","ping_status":"closed","template":"","meta":{"give_campaign_id":0,"_et_pb_use_builder":"on","_et_pb_old_content":"<p>[et_pb_section fb_built=\"1\" fullwidth=\"on\" admin_label=\"Call to Action\" _builder_version=\"3.22\" animation_style=\"slide\" animation_direction=\"bottom\" animation_intensity_slide=\"6%\" animation_starting_opacity=\"100%\" locked=\"off\"][et_pb_fullwidth_header title=\"FARMERS MARKET TO FOOD BANK\" content_max_width=\"800px\" _builder_version=\"4.3.2\" title_font_size=\"3vw\" title_line_height=\"1.2em\" content_font=\"||||||||\" content_font_size=\"20px\" content_line_height=\"1.8em\" background_color=\"rgba(255, 255, 255, 0)\" use_background_color_gradient=\"on\" background_color_gradient_start=\"rgba(0,0,0,0.75)\" background_color_gradient_end=\"rgba(0,0,0,0)\" background_color_gradient_direction=\"90deg\" background_color_gradient_overlays_image=\"on\" background_image=\"https:\/\/napafarmersmarket.org\/wp-content\/uploads\/2020\/01\/cauliflower-HEADER.jpg\" custom_button_two=\"on\" button_two_text_size=\"18px\" button_two_text_color=\"#353740\" button_two_bg_color=\"#ffffff\" button_two_border_width=\"8px\" button_two_border_color=\"#ffffff\" button_two_border_radius=\"0px\" button_two_letter_spacing=\"1px\" button_two_font=\"Lato|700|||||||\" button_two_use_icon=\"off\" custom_margin=\"|||\" custom_padding=\"8%||8%|\" link_option_url_new_window=\"on\" hover_enabled=\"0\" button_one_letter_spacing_hover=\"1px\" button_two_letter_spacing_hover=\"1px\" button_one_text_size__hover_enabled=\"off\" button_two_text_size__hover_enabled=\"off\" button_one_text_color__hover_enabled=\"off\" button_two_text_color__hover_enabled=\"off\" button_one_border_width__hover_enabled=\"off\" button_two_border_width__hover_enabled=\"off\" button_one_border_color__hover_enabled=\"off\" button_two_border_color__hover_enabled=\"off\" button_one_border_radius__hover_enabled=\"off\" button_two_border_radius__hover_enabled=\"off\" button_one_letter_spacing__hover_enabled=\"on\" button_one_letter_spacing__hover=\"1px\" button_two_letter_spacing__hover_enabled=\"on\" button_two_letter_spacing__hover=\"1px\" button_one_bg_color__hover_enabled=\"off\" button_two_bg_color__hover_enabled=\"off\" title_font_size_phone=\"30px\" title_font_size_last_edited=\"on|phone\"][\/et_pb_fullwidth_header][\/et_pb_section][et_pb_section fb_built=\"1\" _builder_version=\"4.0.7\" custom_padding=\"||3px|||\"][et_pb_row column_structure=\"1_4,3_4\" _builder_version=\"4.0.7\"][et_pb_column type=\"1_4\" _builder_version=\"4.0.7\"][et_pb_image src=\"https:\/\/napafarmersmarket.org\/wp-content\/uploads\/2020\/02\/Lettuce-213x300.png\" _builder_version=\"4.0.7\"][\/et_pb_image][\/et_pb_column][et_pb_column type=\"3_4\" _builder_version=\"4.0.7\"][et_pb_text _builder_version=\"4.0.7\"]<\/p><p>Every market day, volunteers collect fresh produce donations from our farmers. In 2019, over 14,000 pounds of fruits and vegetables were donated and distributed.<\/p><p>Donations are distributed between the Napa Valley Food Bank, South Napa Shelter and local community organizations.<\/p><p>You can help by purchasing extra produce and dropping it off at the market\u2019s Donation Station.<\/p><p>For information on volunteering Saturdays year-round <a href=\"https:\/\/www.signupgenius.com\/go\/60b054fa4ab28a2ff2-candos\" target=\"_blank\" rel=\"noopener noreferrer\"><strong>contact Napa Valley CanDo<\/strong><\/a>\u00a0and Tuesdays April through October <a href=\"https:\/\/fifnv.org\/volunteer\" target=\"_blank\" rel=\"noopener noreferrer\"><strong>contact Feeding It Forward Napa Valley<\/strong><\/a>.<\/p><p>[\/et_pb_text][\/et_pb_column][\/et_pb_row][\/et_pb_section][et_pb_section fb_built=\"1\" module_id=\"newsletter\" _builder_version=\"4.0.7\" use_background_color_gradient=\"on\" background_color_gradient_start=\"rgba(20,20,20,0.7)\" background_color_gradient_end=\"rgba(0,0,0,0)\" background_color_gradient_direction=\"72deg\" background_color_gradient_overlays_image=\"on\" background_image=\"https:\/\/napafarmersmarket.org\/wp-content\/uploads\/2019\/11\/produce-09.jpg\" custom_padding=\"4px|||||\" animation_style=\"slide\" animation_direction=\"bottom\" animation_intensity_slide=\"6%\" animation_starting_opacity=\"100%\" global_module=\"5867\" saved_tabs=\"all\"][et_pb_row _builder_version=\"4.3.2\"][et_pb_column type=\"4_4\" _builder_version=\"4.3.2\"][et_pb_text _builder_version=\"4.3.2\" header_text_color=\"#ffffff\" header_font_size=\"3vw\" header_2_text_color=\"#ffffff\" custom_margin=\"||-23px|||\" header_font_size_tablet=\"\" header_font_size_phone=\"5vw\" header_font_size_last_edited=\"on|phone\"]<\/p><h1>Visit the Napa Farmers Market<\/h1><h2>Saturday 8:30 a.m.-1:00 p.m. Year-Round<\/h2><h2>Tuesday 8:30 a.m.-1:00 p.m April through October<\/h2><p>[\/et_pb_text][\/et_pb_column][\/et_pb_row][et_pb_row column_structure=\"1_2,1_2\" _builder_version=\"4.0.7\" custom_margin=\"-12px|auto||auto||\"][et_pb_column type=\"1_2\" _builder_version=\"4.0.7\"][et_pb_signup mailchimp_list=\"f35d570c56\" title=\"Sign-up for our Newsletter\" button_text=\"SIGN-UP\" _builder_version=\"4.0.7\" custom_button=\"on\" button_text_color=\"#f2f2f2\" button_bg_color=\"#0e1235\" button_font=\"|700|||||||\" button_use_icon=\"off\" button_bg_color__hover_enabled=\"on|hover\" button_bg_color__hover=\"#c42190\" button_bg_enable_color__hover=\"on\"][\/et_pb_signup][et_pb_button button_url=\"https:\/\/napafarmersmarket.org\/donate\/\" button_text=\"DONATE NOW\" _builder_version=\"4.0.7\"][\/et_pb_button][\/et_pb_column][et_pb_column type=\"1_2\" _builder_version=\"4.0.7\"][et_pb_code _builder_version=\"4.0.7\"]<iframe style=\"border: 0;\" src=\"https:\/\/www.google.com\/maps\/embed?pb=!1m18!1m12!1m3!1d3131.278299996518!2d-122.27758438466722!3d38.296219379667825!2m3!1f0!2f0!3f0!3m2!1i1024!2i768!4f13.1!3m3!1m2!1s0x80850671f4b2b80d%3A0xf0ef164fab9a72e!2s601%20Silverado%20Trail%2C%20Napa%2C%20CA%2094559!5e0!3m2!1sen!2sus!4v1581534528100!5m2!1sen!2sus\" width=\"600\" height=\"450\" frameborder=\"0\" allowfullscreen=\"allowfullscreen\" data-mce-fragment=\"1\"><\/iframe>[\/et_pb_code][\/et_pb_column][\/et_pb_row][\/et_pb_section]<\/p>","_et_gb_content_width":"","footnotes":""},"class_list":["post-7209","page","type-page","status-publish","hentry"],"yoast_head":"<!-- This site is optimized with the Yoast SEO plugin v27.4 - https:\/\/yoast.com\/product\/yoast-seo-wordpress\/ -->\n<title>Mercado al Banco de Alimentos - Napa Farmers Market<\/title>\n<meta name=\"robots\" content=\"index, follow, max-snippet:-1, max-image-preview:large, max-video-preview:-1\" \/>\n<link rel=\"canonical\" href=\"https:\/\/napafarmersmarket.org\/es\/mercado-al-banco-de-alimentos\/\" \/>\n<meta property=\"og:locale\" content=\"es_ES\" \/>\n<meta property=\"og:type\" content=\"article\" \/>\n<meta property=\"og:title\" content=\"Mercado al Banco de Alimentos - Napa Farmers Market\" \/>\n<meta property=\"og:description\" content=\"\u00a1Fresco para todes! Todos los d\u00edas de mercado, voluntaries recolectan donaciones de productos frescos de nuestres agricultores. En el a\u00f1o 2020, se donaron y distribuyeron m\u00e1s de 33,600 libras de frutas y verduras entre el Napa Valley Food Bank, South Napa Shelter y las organizaciones comunitarias locales que brindan asistencia alimentaria. \u00a1Involucrarse! Puede ayudar comprando [&hellip;]\" \/>\n<meta property=\"og:url\" content=\"https:\/\/napafarmersmarket.org\/es\/mercado-al-banco-de-alimentos\/\" \/>\n<meta property=\"og:site_name\" content=\"Napa Farmers Market\" \/>\n<meta property=\"article:modified_time\" content=\"2023-01-03T21:59:49+00:00\" \/>\n<meta name=\"twitter:card\" content=\"summary_large_image\" \/>\n<meta name=\"twitter:label1\" content=\"Tiempo de lectura\" \/>\n\t<meta name=\"twitter:data1\" content=\"2 minutos\" \/>\n<script type=\"application\/ld+json\" class=\"yoast-schema-graph\">{\"@context\":\"https:\\\/\\\/schema.org\",\"@graph\":[{\"@type\":\"WebPage\",\"@id\":\"https:\\\/\\\/napafarmersmarket.org\\\/es\\\/mercado-al-banco-de-alimentos\\\/\",\"url\":\"https:\\\/\\\/napafarmersmarket.org\\\/es\\\/mercado-al-banco-de-alimentos\\\/\",\"name\":\"Mercado al Banco de Alimentos - Napa Farmers Market\",\"isPartOf\":{\"@id\":\"https:\\\/\\\/napafarmersmarket.org\\\/#website\"},\"datePublished\":\"2021-04-16T20:34:04+00:00\",\"dateModified\":\"2023-01-03T21:59:49+00:00\",\"breadcrumb\":{\"@id\":\"https:\\\/\\\/napafarmersmarket.org\\\/es\\\/mercado-al-banco-de-alimentos\\\/#breadcrumb\"},\"inLanguage\":\"es\",\"potentialAction\":[{\"@type\":\"ReadAction\",\"target\":[\"https:\\\/\\\/napafarmersmarket.org\\\/es\\\/mercado-al-banco-de-alimentos\\\/\"]}]},{\"@type\":\"BreadcrumbList\",\"@id\":\"https:\\\/\\\/napafarmersmarket.org\\\/es\\\/mercado-al-banco-de-alimentos\\\/#breadcrumb\",\"itemListElement\":[{\"@type\":\"ListItem\",\"position\":1,\"name\":\"Home\",\"item\":\"https:\\\/\\\/napafarmersmarket.org\\\/es\\\/\"},{\"@type\":\"ListItem\",\"position\":2,\"name\":\"Mercado al Banco de Alimentos\"}]},{\"@type\":\"WebSite\",\"@id\":\"https:\\\/\\\/napafarmersmarket.org\\\/#website\",\"url\":\"https:\\\/\\\/napafarmersmarket.org\\\/\",\"name\":\"Napa Farmers Market\",\"description\":\"Napa&#039;s Community Market\",\"potentialAction\":[{\"@type\":\"SearchAction\",\"target\":{\"@type\":\"EntryPoint\",\"urlTemplate\":\"https:\\\/\\\/napafarmersmarket.org\\\/?s={search_term_string}\"},\"query-input\":{\"@type\":\"PropertyValueSpecification\",\"valueRequired\":true,\"valueName\":\"search_term_string\"}}],\"inLanguage\":\"es\"}]}<\/script>\n<!-- \/ Yoast SEO plugin. -->","yoast_head_json":{"title":"Mercado al Banco de Alimentos - Napa Farmers Market","robots":{"index":"index","follow":"follow","max-snippet":"max-snippet:-1","max-image-preview":"max-image-preview:large","max-video-preview":"max-video-preview:-1"},"canonical":"https:\/\/napafarmersmarket.org\/es\/mercado-al-banco-de-alimentos\/","og_locale":"es_ES","og_type":"article","og_title":"Mercado al Banco de Alimentos - Napa Farmers Market","og_description":"\u00a1Fresco para todes! Todos los d\u00edas de mercado, voluntaries recolectan donaciones de productos frescos de nuestres agricultores. En el a\u00f1o 2020, se donaron y distribuyeron m\u00e1s de 33,600 libras de frutas y verduras entre el Napa Valley Food Bank, South Napa Shelter y las organizaciones comunitarias locales que brindan asistencia alimentaria. \u00a1Involucrarse! Puede ayudar comprando [&hellip;]","og_url":"https:\/\/napafarmersmarket.org\/es\/mercado-al-banco-de-alimentos\/","og_site_name":"Napa Farmers Market","article_modified_time":"2023-01-03T21:59:49+00:00","twitter_card":"summary_large_image","twitter_misc":{"Tiempo de lectura":"2 minutos"},"schema":{"@context":"https:\/\/schema.org","@graph":[{"@type":"WebPage","@id":"https:\/\/napafarmersmarket.org\/es\/mercado-al-banco-de-alimentos\/","url":"https:\/\/napafarmersmarket.org\/es\/mercado-al-banco-de-alimentos\/","name":"Mercado al Banco de Alimentos - Napa Farmers Market","isPartOf":{"@id":"https:\/\/napafarmersmarket.org\/#website"},"datePublished":"2021-04-16T20:34:04+00:00","dateModified":"2023-01-03T21:59:49+00:00","breadcrumb":{"@id":"https:\/\/napafarmersmarket.org\/es\/mercado-al-banco-de-alimentos\/#breadcrumb"},"inLanguage":"es","potentialAction":[{"@type":"ReadAction","target":["https:\/\/napafarmersmarket.org\/es\/mercado-al-banco-de-alimentos\/"]}]},{"@type":"BreadcrumbList","@id":"https:\/\/napafarmersmarket.org\/es\/mercado-al-banco-de-alimentos\/#breadcrumb","itemListElement":[{"@type":"ListItem","position":1,"name":"Home","item":"https:\/\/napafarmersmarket.org\/es\/"},{"@type":"ListItem","position":2,"name":"Mercado al Banco de Alimentos"}]},{"@type":"WebSite","@id":"https:\/\/napafarmersmarket.org\/#website","url":"https:\/\/napafarmersmarket.org\/","name":"Napa Farmers Market","description":"Napa&#039;s Community Market","potentialAction":[{"@type":"SearchAction","target":{"@type":"EntryPoint","urlTemplate":"https:\/\/napafarmersmarket.org\/?s={search_term_string}"},"query-input":{"@type":"PropertyValueSpecification","valueRequired":true,"valueName":"search_term_string"}}],"inLanguage":"es"}]}},"campaignId":"","_links":{"self":[{"href":"https:\/\/napafarmersmarket.org\/es\/wp-json\/wp\/v2\/pages\/7209","targetHints":{"allow":["GET"]}}],"collection":[{"href":"https:\/\/napafarmersmarket.org\/es\/wp-json\/wp\/v2\/pages"}],"about":[{"href":"https:\/\/napafarmersmarket.org\/es\/wp-json\/wp\/v2\/types\/page"}],"author":[{"embeddable":true,"href":"https:\/\/napafarmersmarket.org\/es\/wp-json\/wp\/v2\/users\/14"}],"replies":[{"embeddable":true,"href":"https:\/\/napafarmersmarket.org\/es\/wp-json\/wp\/v2\/comments?post=7209"}],"version-history":[{"count":0,"href":"https:\/\/napafarmersmarket.org\/es\/wp-json\/wp\/v2\/pages\/7209\/revisions"}],"wp:attachment":[{"href":"https:\/\/napafarmersmarket.org\/es\/wp-json\/wp\/v2\/media?parent=7209"}],"curies":[{"name":"wp","href":"https:\/\/api.w.org\/{rel}","templated":true}]}}